{"id":40,"date":"2020-11-17T10:13:58","date_gmt":"2020-11-17T09:13:58","guid":{"rendered":"http:\/\/mpp.sciencespo-lille.eu\/?page_id=40"},"modified":"2022-02-25T22:28:19","modified_gmt":"2022-02-25T21:28:19","slug":"le-grand-oral","status":"publish","type":"page","link":"https:\/\/mpp.sciencespo-lille.eu\/index.php\/le-grand-oral\/","title":{"rendered":"Le Grand Oral (M2)"},"content":{"rendered":"\n<p>Le Grand Oral (GO) est un <strong>examen de fin de cycle<\/strong> ayant lieu apr\u00e8s les vacances d&rsquo;automne au Semestre 3 (5<sup>\u00e8me<\/sup> ann\u00e9e).<\/p>\n\n\n\n<p>Le Grand Oral a pour objectif d&rsquo;\u00e9valuer un certain nombre de comp\u00e9tences et connaissances acquises tout au long de votre scolarit\u00e9 \u00e0 Sciences Po Lille. Cette \u00e9preuve \u00e9value votre capacit\u00e9 \u00e0 pr\u00e9senter une <strong>analyse probl\u00e9matis\u00e9e et argument\u00e9e<\/strong> (fond et forme) sur un sujet correspondant \u00e0 vos domaines de comp\u00e9tences et de formation. <\/p>\n\n\n\n<hr class=\"wp-block-separator has-text-color has-background is-style-wide\" style=\"background-color:#e6e6e6;color:#e6e6e6\"\/>\n\n\n\n<div style=\"height:20px\" aria-hidden=\"true\" class=\"wp-block-spacer\"><\/div>\n\n\n\n<h2 class=\"wp-block-heading\">Pr\u00e9sentation et d\u00e9roulement du Grand Oral<\/h2>\n\n\n\n<p>L&rsquo;\u00e9preuve du GO se d\u00e9roule en deux temps : un <strong>expos\u00e9 probl\u00e9matis\u00e9<\/strong> (10 minutes) suivi d&rsquo;une phase de <strong>questions du jury<\/strong> (20 minutes). <\/p>\n\n\n\n<ol class=\"wp-block-list\"><li>Les \u00e9tudiantes et les \u00e9tudiants pr\u00e9sentent un <strong>expos\u00e9 de 10 minutes sur un sujet choisi apr\u00e8s tirage au sort<\/strong> pr\u00e9alable parmi deux sujets (expos\u00e9 pr\u00e9par\u00e9 pendant une dur\u00e9e d&rsquo;une heure juste avant leur passage). <em>NB : si vous d\u00e9passez le temps imparti, vous serez interrompu au bout de 10 minutes et le jury vous demandera de conclure en 30 secondes<\/em>.  <\/li><li>Les \u00e9tudiantes et les \u00e9tudiants r\u00e9pondent ensuite pendant <strong>20 minutes aux questions du jury<\/strong>. Les questions pos\u00e9es portent sur l&rsquo;expos\u00e9 du candidat ou de la candidate, mais peuvent \u00e9galement \u00eatre \u00e9largies \u00e0 diverses th\u00e9matiques abord\u00e9es au cours de la formation et \u00e0 des points d&rsquo;actualit\u00e9.<\/li><\/ol>\n\n\n\n<p>Les jurys sont compos\u00e9s de deux membres issus du corps enseignant de la majeure.<\/p>\n\n\n\n<hr class=\"wp-block-separator has-text-color has-background is-style-wide\" style=\"background-color:#e6e6e6;color:#e6e6e6\"\/>\n\n\n\n<div style=\"height:20px\" aria-hidden=\"true\" class=\"wp-block-spacer\"><\/div>\n\n\n\n<h2 class=\"wp-block-heading\">Pr\u00e9parer le Grand Oral pendant votre parcours \u00e0 Sciences Po Lille<\/h2>\n\n\n\n<p>La capacit\u00e9 d&rsquo;argumentation \u00e0 l&rsquo;oral est une comp\u00e9tence d\u00e9velopp\u00e9e et acquise tout au long de votre cursus \u00e0 Sciences Po Lille, aussi bien \u00e0 travers la pr\u00e9sentation d&rsquo;expos\u00e9s (pour la forme), des lectures r\u00e9guli\u00e8res et un suivi approfondi de l&rsquo;actualit\u00e9 (pour le fond). <\/p>\n\n\n\n<p>Voici quelques conseils pour vous pr\u00e9parer au mieux au GO :<\/p>\n\n\n\n<ul class=\"wp-block-list\"><li>Entra\u00eenez-vous \u00e0 formuler par \u00e9crit des probl\u00e9matiques sur des sujets d&rsquo;expos\u00e9s, y compris sur les sujets que vous ne pr\u00e9sentez pas \u00e0 l&rsquo;oral. \u00c9laborer une probl\u00e9matique suppose de r\u00e9fl\u00e9chir au sujet, s&rsquo;informer et identifier les enjeux.<\/li><li>Suivez l&rsquo;actualit\u00e9 fran\u00e7aise, europ\u00e9enne et internationale de mani\u00e8re attentive et r\u00e9guli\u00e8re. N&rsquo;h\u00e9sitez pas \u00e0 la mettre en perspective avec des notions d\u00e9velopp\u00e9es pendant votre formation pour proposer une analyse d\u00e9passant les \u00e9l\u00e9ments purement factuels.<\/li><li>Demandez \u00e0 vos enseignants et enseignantes de conf\u00e9rences de m\u00e9thode et de s\u00e9minaires des r\u00e9f\u00e9rences (auteurs, ouvrages&#8230;) pour alimenter vos r\u00e9flexions.<\/li><\/ul>\n\n\n\n<hr class=\"wp-block-separator has-text-color has-background is-style-wide\" style=\"background-color:#e6e6e6;color:#e6e6e6\"\/>\n\n\n\n<div style=\"height:20px\" aria-hidden=\"true\" class=\"wp-block-spacer\"><\/div>\n\n\n\n<h2 class=\"wp-block-heading\">La notation du Grand Oral<\/h2>\n\n\n\n<p>Les \u00e9tudiantes et les \u00e9tudiants sont principalement \u00e9valu\u00e9s sur les \u00e9l\u00e9ments suivants :<\/p>\n\n\n\n<ul class=\"wp-block-list\"><li>la <strong>clart\u00e9 d&rsquo;exposition<\/strong> et l&rsquo;aisance \u00e0 l&rsquo;oral<\/li><li>la <strong>gestion du temps<\/strong> (10 minutes d&rsquo;expos\u00e9)<\/li><li>la construction d\u00e9monstrative, organis\u00e9e et logique du propos<\/li><li>la capacit\u00e9 \u00e0 donner du sens au sujet, \u00e9largir le propos et \u00e9tayer une r\u00e9flexion g\u00e9n\u00e9rale par des informations pr\u00e9cises<\/li><li>la ma\u00eetrise des connaissances dont l&rsquo;acquisition est attendue au cours de la formation au sein de Sciences Po Lille, dans l&rsquo;ensemble des disciplines fondamentales (histoire, \u00e9conomie, droit, science politique, etc.)<\/li><li>la connaissance de l&rsquo;actualit\u00e9 fran\u00e7aise, europ\u00e9enne et internationale r\u00e9cente et la capacit\u00e9 de r\u00e9flexion autour des enjeux soulev\u00e9s<\/li><\/ul>\n\n\n\n<p><\/p>\n","protected":false},"excerpt":{"rendered":"<p>Le Grand Oral (GO) est un examen de fin de cycle ayant lieu apr\u00e8s les vacances d&rsquo;automne au Semestre 3 (5\u00e8me ann\u00e9e). Le Grand Oral a pour objectif d&rsquo;\u00e9valuer un certain nombre de comp\u00e9tences et connaissances acquises tout au long de votre scolarit\u00e9 \u00e0 Sciences Po Lille. Cette \u00e9preuve \u00e9value votre capacit\u00e9 \u00e0 pr\u00e9senter une [&hellip;]<\/p>\n","protected":false},"author":1,"featured_media":0,"parent":0,"menu_order":0,"comment_status":"closed","ping_status":"closed","template":"","meta":{"_seopress_robots_primary_cat":"","_seopress_titles_title":"","_seopress_titles_desc":"","_seopress_robots_index":"","ocean_post_layout":"","ocean_both_sidebars_style":"","ocean_both_sidebars_content_width":0,"ocean_both_sidebars_sidebars_width":0,"ocean_sidebar":"0","ocean_second_sidebar":"0","ocean_disable_margins":"enable","ocean_add_body_class":"","ocean_shortcode_before_top_bar":"","ocean_shortcode_after_top_bar":"","ocean_shortcode_before_header":"","ocean_shortcode_after_header":"","ocean_has_shortcode":"","ocean_shortcode_after_title":"","ocean_shortcode_before_footer_widgets":"","ocean_shortcode_after_footer_widgets":"","ocean_shortcode_before_footer_bottom":"","ocean_shortcode_after_footer_bottom":"","ocean_display_top_bar":"default","ocean_display_header":"default","ocean_header_style":"","ocean_center_header_left_menu":"0","ocean_custom_header_template":"0","ocean_custom_logo":0,"ocean_custom_retina_logo":0,"ocean_custom_logo_max_width":0,"ocean_custom_logo_tablet_max_width":0,"ocean_custom_logo_mobile_max_width":0,"ocean_custom_logo_max_height":0,"ocean_custom_logo_tablet_max_height":0,"ocean_custom_logo_mobile_max_height":0,"ocean_header_custom_menu":"0","ocean_menu_typo_font_family":"0","ocean_menu_typo_font_subset":"","ocean_menu_typo_font_size":0,"ocean_menu_typo_font_size_tablet":0,"ocean_menu_typo_font_size_mobile":0,"ocean_menu_typo_font_size_unit":"px","ocean_menu_typo_font_weight":"","ocean_menu_typo_font_weight_tablet":"","ocean_menu_typo_font_weight_mobile":"","ocean_menu_typo_transform":"","ocean_menu_typo_transform_tablet":"","ocean_menu_typo_transform_mobile":"","ocean_menu_typo_line_height":0,"ocean_menu_typo_line_height_tablet":0,"ocean_menu_typo_line_height_mobile":0,"ocean_menu_typo_line_height_unit":"","ocean_menu_typo_spacing":0,"ocean_menu_typo_spacing_tablet":0,"ocean_menu_typo_spacing_mobile":0,"ocean_menu_typo_spacing_unit":"","ocean_menu_link_color":"","ocean_menu_link_color_hover":"","ocean_menu_link_color_active":"","ocean_menu_link_background":"","ocean_menu_link_hover_background":"","ocean_menu_link_active_background":"","ocean_menu_social_links_bg":"","ocean_menu_social_hover_links_bg":"","ocean_menu_social_links_color":"","ocean_menu_social_hover_links_color":"","ocean_disable_title":"default","ocean_disable_heading":"default","ocean_post_title":"","ocean_post_subheading":"","ocean_post_title_style":"","ocean_post_title_background_color":"","ocean_post_title_background":0,"ocean_post_title_bg_image_position":"","ocean_post_title_bg_image_attachment":"","ocean_post_title_bg_image_repeat":"","ocean_post_title_bg_image_size":"","ocean_post_title_height":0,"ocean_post_title_bg_overlay":0.5,"ocean_post_title_bg_overlay_color":"","ocean_disable_breadcrumbs":"default","ocean_breadcrumbs_color":"","ocean_breadcrumbs_separator_color":"","ocean_breadcrumbs_links_color":"","ocean_breadcrumbs_links_hover_color":"","ocean_display_footer_widgets":"default","ocean_display_footer_bottom":"default","ocean_custom_footer_template":"0","footnotes":""},"class_list":["post-40","page","type-page","status-publish","hentry","entry"],"_links":{"self":[{"href":"https:\/\/mpp.sciencespo-lille.eu\/index.php\/wp-json\/wp\/v2\/pages\/40","targetHints":{"allow":["GET"]}}],"collection":[{"href":"https:\/\/mpp.sciencespo-lille.eu\/index.php\/wp-json\/wp\/v2\/pages"}],"about":[{"href":"https:\/\/mpp.sciencespo-lille.eu\/index.php\/wp-json\/wp\/v2\/types\/page"}],"author":[{"embeddable":true,"href":"https:\/\/mpp.sciencespo-lille.eu\/index.php\/wp-json\/wp\/v2\/users\/1"}],"replies":[{"embeddable":true,"href":"https:\/\/mpp.sciencespo-lille.eu\/index.php\/wp-json\/wp\/v2\/comments?post=40"}],"version-history":[{"count":6,"href":"https:\/\/mpp.sciencespo-lille.eu\/index.php\/wp-json\/wp\/v2\/pages\/40\/revisions"}],"predecessor-version":[{"id":310,"href":"https:\/\/mpp.sciencespo-lille.eu\/index.php\/wp-json\/wp\/v2\/pages\/40\/revisions\/310"}],"wp:attachment":[{"href":"https:\/\/mpp.sciencespo-lille.eu\/index.php\/wp-json\/wp\/v2\/media?parent=40"}],"curies":[{"name":"wp","href":"https:\/\/api.w.org\/{rel}","templated":true}]}}