{"id":46,"date":"2020-11-17T10:17:34","date_gmt":"2020-11-17T09:17:34","guid":{"rendered":"http:\/\/mpp.sciencespo-lille.eu\/?page_id=46"},"modified":"2022-02-25T22:29:15","modified_gmt":"2022-02-25T21:29:15","slug":"les-stages-et-linsertion-professionnelle","status":"publish","type":"page","link":"https:\/\/mpp.sciencespo-lille.eu\/index.php\/les-stages-et-linsertion-professionnelle\/","title":{"rendered":"Les stages et l&rsquo;insertion professionnelle"},"content":{"rendered":"\n<p>L\u2019EDHEC et Sciences Po Lille s\u2019engagent \u00e0 promouvoir leur formation conjointe aupr\u00e8s des professionnels du secteur et de leurs partenaires. Cette d\u00e9marche s\u2019accorde avec une maquette d\u2019enseignements \u00e9quilibr\u00e9e entre intervenants universitaires et praticiens. Chaque exp\u00e9rience professionnelle est assortie de la r\u00e9daction d\u2019un rapport de stage.<\/p>\n\n\n\n<hr class=\"wp-block-separator has-text-color has-background is-style-wide\" style=\"background-color:#e6e6e6;color:#e6e6e6\"\/>\n\n\n\n<h3 class=\"wp-block-heading\">STAGE \u00c0 L\u2019INTERNATIONAL \u2013 SEMESTRE 3<\/h3>\n\n\n\n<p>Le conventionnement et le suivi du premier stage est assur\u00e9 par l\u2019EDHEC. Ce stage constitue une exp\u00e9rience d\u2019immersion professionnelle \u00e0 l\u2019international, pour une dur\u00e9e minimale de quatre mois. La r\u00e9alisation du stage \u00e0 l\u2019international est assortie de la r\u00e9daction d\u2019un rapport de stage, selon les crit\u00e8res p\u00e9dagogiques propres \u00e0 l\u2019EDHEC. <\/p>\n\n\n\n<hr class=\"wp-block-separator has-text-color has-background is-style-wide\" style=\"background-color:#e6e6e6;color:#e6e6e6\"\/>\n\n\n\n<h3 class=\"wp-block-heading\">STAGE DE FIN D\u2019\u00c9TUDES \u2013 SEMESTRE 6<\/h3>\n\n\n\n<p>Le conventionnement et le suivi du stage de fin d\u2019\u00e9tudes sont assur\u00e9s par Sciences Po Lille. Ce dernier stage constitue l\u2019\u00e9tape de professionnalisation finale pour l\u2019\u00e9tudiante ou l&rsquo;\u00e9tudiant. Obligatoire et d\u2019une dur\u00e9e minimale de six mois, ce stage s\u2019accompagne de la r\u00e9daction d\u2019un rapport de stage de fin d\u2019\u00e9tudes. La convention de stage peut \u00eatre remplac\u00e9e par un contrat de travail ; l\u2019\u00e9tudiante ou l&rsquo;\u00e9tudiant s\u2019engage alors \u00e0 respecter les m\u00eame conditions de suivi p\u00e9dagogique et de r\u00e9daction du rapport de stage.<\/p>\n\n\n\n<hr class=\"wp-block-separator has-text-color has-background is-style-wide\" style=\"background-color:#e6e6e6;color:#e6e6e6\"\/>\n\n\n\n<p>Les \u00e9tudiantes et les \u00e9tudiants de Sciences Po Lille peuvent consulter <strong>l&rsquo;historique des stages<\/strong> via la plateforme des Alumni : <\/p>\n\n\n\n<div class=\"wp-block-buttons is-content-justification-center is-layout-flex wp-container-core-buttons-is-layout-16018d1d wp-block-buttons-is-layout-flex\">\n<div class=\"wp-block-button is-style-fill\"><a class=\"wp-block-button__link has-white-color has-text-color has-background\" href=\"https:\/\/alumni.sciencespo-lille.eu\/page\/historique-des-stages\" style=\"background-color:#a51a34\" target=\"_blank\" rel=\"noreferrer noopener\">Historique des stages<\/a><\/div>\n<\/div>\n\n\n\n<div style=\"height:30px\" aria-hidden=\"true\" class=\"wp-block-spacer\"><\/div>\n\n\n\n<p>Retrouvez \u00e9galement la <strong>liste des offres de stages et d&#8217;emplois<\/strong> :<\/p>\n\n\n\n<div class=\"wp-block-buttons is-content-justification-center is-layout-flex wp-container-core-buttons-is-layout-16018d1d wp-block-buttons-is-layout-flex\">\n<div class=\"wp-block-button\"><a class=\"wp-block-button__link has-white-color has-text-color has-background\" href=\"https:\/\/alumni.sciencespo-lille.eu\/jobboard?page=1\" style=\"background-color:#a51a34\" target=\"_blank\" rel=\"noreferrer noopener\">Offres de stage et d&#8217;emploi<\/a><\/div>\n<\/div>\n\n\n\n<div style=\"height:30px\" aria-hidden=\"true\" class=\"wp-block-spacer\"><\/div>\n\n\n\n<p>Pour plus d&rsquo;informations sur les stages \u00e0 Sciences Po Lille et l&rsquo;insertion professionnelle, consultez le <strong>Guide des stages<\/strong> de la plateforme des Alumni :<\/p>\n\n\n\n<div class=\"wp-block-buttons is-content-justification-center is-layout-flex wp-container-core-buttons-is-layout-16018d1d wp-block-buttons-is-layout-flex\">\n<div class=\"wp-block-button\"><a class=\"wp-block-button__link has-white-color has-text-color has-background\" href=\"https:\/\/alumni.sciencespo-lille.eu\/page\/guide-des-stages-1\" style=\"background-color:#a51a34\" target=\"_blank\" rel=\"noreferrer noopener\">Guide des stages<\/a><\/div>\n<\/div>\n\n\n\n<p><\/p>\n","protected":false},"excerpt":{"rendered":"<p>L\u2019EDHEC et Sciences Po Lille s\u2019engagent \u00e0 promouvoir leur formation conjointe aupr\u00e8s des professionnels du secteur et de leurs partenaires. Cette d\u00e9marche s\u2019accorde avec une maquette d\u2019enseignements \u00e9quilibr\u00e9e entre intervenants universitaires et praticiens. Chaque exp\u00e9rience professionnelle est assortie de la r\u00e9daction d\u2019un rapport de stage. STAGE \u00c0 L\u2019INTERNATIONAL \u2013 SEMESTRE 3 Le conventionnement et le [&hellip;]<\/p>\n","protected":false},"author":1,"featured_media":0,"parent":0,"menu_order":0,"comment_status":"closed","ping_status":"closed","template":"","meta":{"_seopress_robots_primary_cat":"","_seopress_titles_title":"","_seopress_titles_desc":"","_seopress_robots_index":"","ocean_post_layout":"","ocean_both_sidebars_style":"","ocean_both_sidebars_content_width":0,"ocean_both_sidebars_sidebars_width":0,"ocean_sidebar":"0","ocean_second_sidebar":"0","ocean_disable_margins":"enable","ocean_add_body_class":"","ocean_shortcode_before_top_bar":"","ocean_shortcode_after_top_bar":"","ocean_shortcode_before_header":"","ocean_shortcode_after_header":"","ocean_has_shortcode":"","ocean_shortcode_after_title":"","ocean_shortcode_before_footer_widgets":"","ocean_shortcode_after_footer_widgets":"","ocean_shortcode_before_footer_bottom":"","ocean_shortcode_after_footer_bottom":"","ocean_display_top_bar":"default","ocean_display_header":"default","ocean_header_style":"","ocean_center_header_left_menu":"0","ocean_custom_header_template":"0","ocean_custom_logo":0,"ocean_custom_retina_logo":0,"ocean_custom_logo_max_width":0,"ocean_custom_logo_tablet_max_width":0,"ocean_custom_logo_mobile_max_width":0,"ocean_custom_logo_max_height":0,"ocean_custom_logo_tablet_max_height":0,"ocean_custom_logo_mobile_max_height":0,"ocean_header_custom_menu":"0","ocean_menu_typo_font_family":"0","ocean_menu_typo_font_subset":"","ocean_menu_typo_font_size":0,"ocean_menu_typo_font_size_tablet":0,"ocean_menu_typo_font_size_mobile":0,"ocean_menu_typo_font_size_unit":"px","ocean_menu_typo_font_weight":"","ocean_menu_typo_font_weight_tablet":"","ocean_menu_typo_font_weight_mobile":"","ocean_menu_typo_transform":"","ocean_menu_typo_transform_tablet":"","ocean_menu_typo_transform_mobile":"","ocean_menu_typo_line_height":0,"ocean_menu_typo_line_height_tablet":0,"ocean_menu_typo_line_height_mobile":0,"ocean_menu_typo_line_height_unit":"","ocean_menu_typo_spacing":0,"ocean_menu_typo_spacing_tablet":0,"ocean_menu_typo_spacing_mobile":0,"ocean_menu_typo_spacing_unit":"","ocean_menu_link_color":"","ocean_menu_link_color_hover":"","ocean_menu_link_color_active":"","ocean_menu_link_background":"","ocean_menu_link_hover_background":"","ocean_menu_link_active_background":"","ocean_menu_social_links_bg":"","ocean_menu_social_hover_links_bg":"","ocean_menu_social_links_color":"","ocean_menu_social_hover_links_color":"","ocean_disable_title":"default","ocean_disable_heading":"default","ocean_post_title":"","ocean_post_subheading":"","ocean_post_title_style":"","ocean_post_title_background_color":"","ocean_post_title_background":0,"ocean_post_title_bg_image_position":"","ocean_post_title_bg_image_attachment":"","ocean_post_title_bg_image_repeat":"","ocean_post_title_bg_image_size":"","ocean_post_title_height":0,"ocean_post_title_bg_overlay":0.5,"ocean_post_title_bg_overlay_color":"","ocean_disable_breadcrumbs":"default","ocean_breadcrumbs_color":"","ocean_breadcrumbs_separator_color":"","ocean_breadcrumbs_links_color":"","ocean_breadcrumbs_links_hover_color":"","ocean_display_footer_widgets":"default","ocean_display_footer_bottom":"default","ocean_custom_footer_template":"0","footnotes":""},"class_list":["post-46","page","type-page","status-publish","hentry","entry"],"_links":{"self":[{"href":"https:\/\/mpp.sciencespo-lille.eu\/index.php\/wp-json\/wp\/v2\/pages\/46","targetHints":{"allow":["GET"]}}],"collection":[{"href":"https:\/\/mpp.sciencespo-lille.eu\/index.php\/wp-json\/wp\/v2\/pages"}],"about":[{"href":"https:\/\/mpp.sciencespo-lille.eu\/index.php\/wp-json\/wp\/v2\/types\/page"}],"author":[{"embeddable":true,"href":"https:\/\/mpp.sciencespo-lille.eu\/index.php\/wp-json\/wp\/v2\/users\/1"}],"replies":[{"embeddable":true,"href":"https:\/\/mpp.sciencespo-lille.eu\/index.php\/wp-json\/wp\/v2\/comments?post=46"}],"version-history":[{"count":8,"href":"https:\/\/mpp.sciencespo-lille.eu\/index.php\/wp-json\/wp\/v2\/pages\/46\/revisions"}],"predecessor-version":[{"id":311,"href":"https:\/\/mpp.sciencespo-lille.eu\/index.php\/wp-json\/wp\/v2\/pages\/46\/revisions\/311"}],"wp:attachment":[{"href":"https:\/\/mpp.sciencespo-lille.eu\/index.php\/wp-json\/wp\/v2\/media?parent=46"}],"curies":[{"name":"wp","href":"https:\/\/api.w.org\/{rel}","templated":true}]}}