{"id":52,"date":"2020-11-17T10:23:51","date_gmt":"2020-11-17T09:23:51","guid":{"rendered":"http:\/\/mpp.sciencespo-lille.eu\/?page_id=52"},"modified":"2022-10-26T18:44:21","modified_gmt":"2022-10-26T16:44:21","slug":"presentation","status":"publish","type":"page","link":"https:\/\/mpp.sciencespo-lille.eu\/","title":{"rendered":"Pr\u00e9sentation du Double Dipl\u00f4me SPL \/ EDHEC"},"content":{"rendered":"\n<h2 class=\"wp-block-heading\" id=\"objectif-de-la-formation\">Objectif de la formation<\/h2>\n\n\n\n<p>Sciences Po Lille et l\u2019EDHEC, deux \u00e9coles membres de la Conf\u00e9rence des Grandes \u00c9coles, proposent \u00e0 partir de la rentr\u00e9e 2020 un double-dipl\u00f4me \u201cManagement des Politiques Publiques\u201d ouvert aux \u00e9tudiantes et aux \u00e9tudiants de ces deux \u00e9coles. Apr\u00e8s trois ann\u00e9es de cursus partag\u00e9, les \u00e9tudiantes et les \u00e9tudiants obtiennent \u00e0 la fois un dipl\u00f4me du programme Grande \u00c9cole de l\u2019EDHEC et le dipl\u00f4me de Sciences Po Lille, valant grade de Master.<br><mark style=\"background-color:rgba(0, 0, 0, 0)\" class=\"has-inline-color has-black-color\"><strong>La formation pr\u00e9pare \u00e0 des parcours professionnels li\u00e9s aux enjeux publics<\/strong>,<\/mark> orient\u00e9s principalement vers le management de l\u2019action publique, le conseil et l\u2019audit, la conduite et le financement de projets, l\u2019innovation, tant dans le secteur public que dans le secteur priv\u00e9.<br><strong><mark style=\"background-color:rgba(0, 0, 0, 0)\" class=\"has-inline-color has-black-color\">La formation articule savoirs acad\u00e9miques et pratiques, projets individuels et collectifs et comprend la r\u00e9alisation de deux stages.<\/mark><\/strong> Elle a pour objectif de d\u00e9velopper une bonne compr\u00e9hension des acteurs des politiques publiques, la ma\u00eetrise des outils de pilotage, notamment financiers, une connaissance solide de l\u2019environnement juridique et permet de d\u00e9velopper des comp\u00e9tences r\u00e9ellement pluridisciplinaires.<br>Les savoirs acad\u00e9miques propos\u00e9s sont pens\u00e9s pour \u00eatre en prise avec des comp\u00e9tences directement op\u00e9rationnelles, gr\u00e2ce \u00e0 la place donn\u00e9e \u00e0 la conduite de projets tout au long de la formation, et en particulier en fin de cycle \u00e0 Sciences Po Lille.<\/p>\n\n\n\n<p>Les \u00e9tudiantes et les \u00e9tudiants de Sciences Po Lille souhaitant acqu\u00e9rir des comp\u00e9tences solides dans le domaine du management des politiques publiques peuvent int\u00e9grer le double-dipl\u00f4me apr\u00e8s trois ann\u00e9es d\u2019\u00e9tudes au sein de la <strong>fili\u00e8re g\u00e9n\u00e9rale<\/strong> ou de la <strong>fili\u00e8re franco-britannique (FIFB)<\/strong>. <\/p>\n\n\n\n<p>La formation se d\u00e9roule sur six semestres, soit deux de plus que pour le dipl\u00f4me de cycle Master de la fili\u00e8re g\u00e9n\u00e9rale de l\u2019\u00e9cole. Douze places sont ouvertes \u00e0 Sciences Po Lille, autant \u00e0 l\u2019EDHEC (promotion de 24 \u00e9l\u00e8ves). <\/p>\n\n\n\n<p>Les \u00e9tudiantes et les \u00e9tudiants sont soumis aux m\u00eames droits et devoirs en tant qu\u2019\u00e9l\u00e8ves des deux \u00e9coles durant les trois ann\u00e9es du double-dipl\u00f4me.<\/p>\n\n\n\n<p>La premi\u00e8re ann\u00e9e d\u2019enseignement (S1-S2) se d\u00e9roule sur le campus de l\u2019EDHEC. Un stage (S3), r\u00e9alis\u00e9 \u00e0 l\u2019international, vient clore la premi\u00e8re phase du double-dipl\u00f4me. Ce stage dure au minimum quatre mois. Les \u00e9tudiantes et les \u00e9tudiants rejoignent ensuite Sciences Po Lille pour y suivre les enseignements pendant deux semestres (S4-S5), suivis par un stage obligatoire de fin d\u2019\u00e9tudes d\u2019une dur\u00e9e de six mois minimum (S6).<br>Le <strong>double-dipl\u00f4me <\/strong>est d\u00e9livr\u00e9 aux \u00e9tudiantes et aux \u00e9tudiants \u00e0 l\u2019issue des six semestres.<\/p>\n\n\n\n<hr class=\"wp-block-separator has-text-color has-background is-style-wide\" style=\"background-color:#e6e6e6;color:#e6e6e6\"\/>\n\n\n\n<h2 class=\"wp-block-heading\" id=\"principaux-debouches\">Principaux d\u00e9bouch\u00e9s <\/h2>\n\n\n\n<p>Le double-dipl\u00f4me a pour objectif de former les \u00e9tudiantes et les \u00e9tudiants aux m\u00e9tiers :<\/p>\n\n\n\n<ul class=\"wp-block-list\"><li>de l\u2019ing\u00e9nierie de projet dans les secteurs du public et du priv\u00e9,<\/li><li>du conseil et de l\u2019audit pour le secteur public, ou au sein du service public (contr\u00f4le externe, organisation et strat\u00e9gie, risque\u2026),<\/li><li>du d\u00e9veloppement \u00e9conomique, et des m\u00e9tiers du financement et de l\u2019audit (banques publiques, structures d\u2019investissement, conseil et ing\u00e9nierie financi\u00e8re\u2026),<\/li><li>int\u00e9gr\u00e9s aux Directions des affaires publiques d\u2019entreprises fran\u00e7aises sous capitaux publics ou priv\u00e9s, et internationales.<\/li><\/ul>\n\n\n\n<hr class=\"wp-block-separator has-text-color has-background is-style-wide\" style=\"background-color:#e6e6e6;color:#e6e6e6\"\/>\n\n\n\n<h2 class=\"wp-block-heading\" id=\"responsable-de-la-majeure-mpp-a-sciences-po-lille\">Responsable de la majeure MPP \u00e0 Sciences Po Lille<\/h2>\n\n\n\n<div class=\"wp-block-media-text alignwide is-stacked-on-mobile\" style=\"grid-template-columns:33% auto\"><figure class=\"wp-block-media-text__media\"><img fetchpriority=\"high\" decoding=\"async\" width=\"790\" height=\"790\" src=\"http:\/\/mpp.sciencespo-lille.eu\/wp-content\/uploads\/2020\/12\/responsable-MPP.png\" alt=\"\" class=\"wp-image-161 size-full\" srcset=\"https:\/\/mpp.sciencespo-lille.eu\/wp-content\/uploads\/2020\/12\/responsable-MPP.png 790w, https:\/\/mpp.sciencespo-lille.eu\/wp-content\/uploads\/2020\/12\/responsable-MPP-300x300.png 300w, https:\/\/mpp.sciencespo-lille.eu\/wp-content\/uploads\/2020\/12\/responsable-MPP-150x150.png 150w, https:\/\/mpp.sciencespo-lille.eu\/wp-content\/uploads\/2020\/12\/responsable-MPP-768x768.png 768w\" sizes=\"(max-width: 790px) 100vw, 790px\" \/><\/figure><div class=\"wp-block-media-text__content\">\n<h2 class=\"has-black-color has-text-color has-large-font-size wp-block-heading\" id=\"gaylord-bauden-hamerel\"><strong>Gaylord Bauden-Hamerel<\/strong><\/h2>\n\n\n\n<p class=\"has-normal-font-size\"><strong>Enseignant<\/strong><\/p>\n\n\n\n<p>Domaines de recherche : droit des technologies d&rsquo;information; s\u00e9curit\u00e9 des donn\u00e9es; informatique et libert\u00e9s fondamentales. <\/p>\n<\/div><\/div>\n\n\n\n<div style=\"height:21px\" aria-hidden=\"true\" class=\"wp-block-spacer\"><\/div>\n\n\n\n<h2 class=\"wp-block-heading\" id=\"edito-du-responsable-de-la-majeure\">Edito du responsable de la majeure<\/h2>\n\n\n\n<p class=\"has-drop-cap\">Le double dipl\u00f4me \u201cManagement des Politiques Publiques\u201d est fond\u00e9 sur un socle commun de savoirs et comp\u00e9tences partag\u00e9 entre l\u2019EDHEC (Programme Grande Ecole) et Sciences Po Lille (Master) en management des institutions et de conduite de l\u2019action publique, et \u00e0 destination des secteurs et institutions priv\u00e9s et publics en mutation dans leurs pratiques et attentes. <\/p>\n\n\n\n<p>Cette approche p\u00e9dagogique int\u00e9gr\u00e9e entre les deux Grandes \u00c9coles tend \u00e0 <strong>g\u00e9n\u00e9rer des synergies entre leurs cultures et forces respectives<\/strong>, afin de former des \u00e9tudiantes et des \u00e9tudiants au niveau des exigences et sp\u00e9cificit\u00e9s des approches p\u00e9dagogiques de chaque \u00e9tablissement. Une attention particuli\u00e8re a \u00e9t\u00e9 port\u00e9e pour <strong>assurer une int\u00e9gration crois\u00e9e et paritaire des effectifs<\/strong>, afin de laisser \u00e9clore une identit\u00e9 et une culture commune au double dipl\u00f4me. <\/p>\n\n\n\n<p>La formation doit permettre de solidifier des projets professionnels orient\u00e9s vers le management de l\u2019action publique, le conseil et l\u2019audit, la conduite et le financement de projets, l\u2019innovation, qu\u2019ils soient orient\u00e9s vers le secteur public comme priv\u00e9. L\u2019accent est mis sur la <strong>ma\u00eetrise des outils financiers<\/strong>, <strong>la compr\u00e9hension des acteurs des politiques publiques<\/strong>, et une <strong>formation juridique solide<\/strong>, permettant de d\u00e9velopper des comp\u00e9tences r\u00e9ellement pluridisciplinaires. Les savoirs th\u00e9oriques infus\u00e9s dans la formation sont pens\u00e9s pour \u00eatre en prise avec des comp\u00e9tences directement op\u00e9rationnelles, gr\u00e2ce \u00e0 la priorit\u00e9 donn\u00e9e \u00e0 la conduite de projets tout au long de la formation.<\/p>\n\n\n\n<p class=\"has-text-align-right\"><strong>Gaylord Bauden-Hamerel<\/strong><\/p>\n","protected":false},"excerpt":{"rendered":"<p>Objectif de la formation Sciences Po Lille et l\u2019EDHEC, deux \u00e9coles membres de la Conf\u00e9rence des Grandes \u00c9coles, proposent \u00e0 partir de la rentr\u00e9e 2020 un double-dipl\u00f4me \u201cManagement des Politiques Publiques\u201d ouvert aux \u00e9tudiantes et aux \u00e9tudiants de ces deux \u00e9coles. Apr\u00e8s trois ann\u00e9es de cursus partag\u00e9, les \u00e9tudiantes et les \u00e9tudiants obtiennent \u00e0 la [&hellip;]<\/p>\n","protected":false},"author":1,"featured_media":0,"parent":0,"menu_order":0,"comment_status":"closed","ping_status":"closed","template":"","meta":{"_seopress_robots_primary_cat":"","_seopress_titles_title":"","_seopress_titles_desc":"","_seopress_robots_index":"","ocean_post_layout":"","ocean_both_sidebars_style":"","ocean_both_sidebars_content_width":0,"ocean_both_sidebars_sidebars_width":0,"ocean_sidebar":"0","ocean_second_sidebar":"0","ocean_disable_margins":"enable","ocean_add_body_class":"","ocean_shortcode_before_top_bar":"","ocean_shortcode_after_top_bar":"","ocean_shortcode_before_header":"","ocean_shortcode_after_header":"","ocean_has_shortcode":"","ocean_shortcode_after_title":"","ocean_shortcode_before_footer_widgets":"","ocean_shortcode_after_footer_widgets":"","ocean_shortcode_before_footer_bottom":"","ocean_shortcode_after_footer_bottom":"","ocean_display_top_bar":"default","ocean_display_header":"default","ocean_header_style":"","ocean_center_header_left_menu":"0","ocean_custom_header_template":"0","ocean_custom_logo":0,"ocean_custom_retina_logo":0,"ocean_custom_logo_max_width":0,"ocean_custom_logo_tablet_max_width":0,"ocean_custom_logo_mobile_max_width":0,"ocean_custom_logo_max_height":0,"ocean_custom_logo_tablet_max_height":0,"ocean_custom_logo_mobile_max_height":0,"ocean_header_custom_menu":"0","ocean_menu_typo_font_family":"0","ocean_menu_typo_font_subset":"","ocean_menu_typo_font_size":0,"ocean_menu_typo_font_size_tablet":0,"ocean_menu_typo_font_size_mobile":0,"ocean_menu_typo_font_size_unit":"px","ocean_menu_typo_font_weight":"","ocean_menu_typo_font_weight_tablet":"","ocean_menu_typo_font_weight_mobile":"","ocean_menu_typo_transform":"","ocean_menu_typo_transform_tablet":"","ocean_menu_typo_transform_mobile":"","ocean_menu_typo_line_height":0,"ocean_menu_typo_line_height_tablet":0,"ocean_menu_typo_line_height_mobile":0,"ocean_menu_typo_line_height_unit":"","ocean_menu_typo_spacing":0,"ocean_menu_typo_spacing_tablet":0,"ocean_menu_typo_spacing_mobile":0,"ocean_menu_typo_spacing_unit":"","ocean_menu_link_color":"","ocean_menu_link_color_hover":"","ocean_menu_link_color_active":"","ocean_menu_link_background":"","ocean_menu_link_hover_background":"","ocean_menu_link_active_background":"","ocean_menu_social_links_bg":"","ocean_menu_social_hover_links_bg":"","ocean_menu_social_links_color":"","ocean_menu_social_hover_links_color":"","ocean_disable_title":"default","ocean_disable_heading":"default","ocean_post_title":"","ocean_post_subheading":"","ocean_post_title_style":"","ocean_post_title_background_color":"","ocean_post_title_background":0,"ocean_post_title_bg_image_position":"","ocean_post_title_bg_image_attachment":"","ocean_post_title_bg_image_repeat":"","ocean_post_title_bg_image_size":"","ocean_post_title_height":0,"ocean_post_title_bg_overlay":0.5,"ocean_post_title_bg_overlay_color":"","ocean_disable_breadcrumbs":"default","ocean_breadcrumbs_color":"","ocean_breadcrumbs_separator_color":"","ocean_breadcrumbs_links_color":"","ocean_breadcrumbs_links_hover_color":"","ocean_display_footer_widgets":"default","ocean_display_footer_bottom":"default","ocean_custom_footer_template":"0","footnotes":""},"class_list":["post-52","page","type-page","status-publish","hentry","entry"],"_links":{"self":[{"href":"https:\/\/mpp.sciencespo-lille.eu\/index.php\/wp-json\/wp\/v2\/pages\/52","targetHints":{"allow":["GET"]}}],"collection":[{"href":"https:\/\/mpp.sciencespo-lille.eu\/index.php\/wp-json\/wp\/v2\/pages"}],"about":[{"href":"https:\/\/mpp.sciencespo-lille.eu\/index.php\/wp-json\/wp\/v2\/types\/page"}],"author":[{"embeddable":true,"href":"https:\/\/mpp.sciencespo-lille.eu\/index.php\/wp-json\/wp\/v2\/users\/1"}],"replies":[{"embeddable":true,"href":"https:\/\/mpp.sciencespo-lille.eu\/index.php\/wp-json\/wp\/v2\/comments?post=52"}],"version-history":[{"count":22,"href":"https:\/\/mpp.sciencespo-lille.eu\/index.php\/wp-json\/wp\/v2\/pages\/52\/revisions"}],"predecessor-version":[{"id":322,"href":"https:\/\/mpp.sciencespo-lille.eu\/index.php\/wp-json\/wp\/v2\/pages\/52\/revisions\/322"}],"wp:attachment":[{"href":"https:\/\/mpp.sciencespo-lille.eu\/index.php\/wp-json\/wp\/v2\/media?parent=52"}],"curies":[{"name":"wp","href":"https:\/\/api.w.org\/{rel}","templated":true}]}}